{"id":8,"date":"2022-11-16T10:55:45","date_gmt":"2022-11-16T09:55:45","guid":{"rendered":"https:\/\/avocatntsikabaka.wordpress.com\/home-2\/"},"modified":"2024-07-31T17:51:22","modified_gmt":"2024-07-31T15:51:22","slug":"home-2","status":"publish","type":"page","link":"https:\/\/ntsikabaka-avocat.fr\/index.php\/home-2\/","title":{"rendered":"Le Cabinet"},"content":{"rendered":"\n<div class=\"wp-block-jetpack-markdown\"><\/div>\n\n\n\n<p class=\"has-small-font-size\"><\/p>\n\n\n\n<div class=\"wp-block-group is-vertical is-layout-flex wp-container-core-group-is-layout-fe9cc265 wp-block-group-is-layout-flex\">\n<p class=\"has-medium-font-size\"><strong>Ma\u00eetre In\u00e8s N\u2019TSIKABAKA exerce la profession d&#8217;avocat depuis 2008.<\/strong><\/p>\n\n\n\n<div class=\"wp-block-group is-layout-constrained wp-container-core-group-is-layout-cf67c433 wp-block-group-is-layout-constrained\">\n<p class=\"has-medium-font-size\">Le cabinet est \u00e9tabli sur Le Raincy et vous accueille<strong> sur rendez-vous.<\/strong><\/p>\n\n\n\n<p class=\"has-medium-font-size\"><strong>Elle assure le conseil et la d\u00e9fense des particuliers et des entreprises.<\/strong><\/p>\n\n\n\n<p class=\"has-medium-font-size\"><\/p>\n\n\n\n<p class=\"has-medium-font-size\"><strong>&nbsp;<\/strong>Titulaire d\u2019un Master en fiscalit\u00e9 et Droit des Affaires, Conseil et Gestion d\u2019entreprises et Dipl\u00f4m\u00e9e de l\u2019Institut de Droit et d\u2019\u00c9conomie Appliqu\u00e9s \u00e0 l\u2019Immobilier (ICH), Ma\u00eetre In\u00e8s N&#8217;Tsikabaka assiste tant les entreprises que les particuliers gr\u00e2ce \u00e0 des expertises acquises au sein de cabinets g\u00e9n\u00e9ralistes et sp\u00e9cialis\u00e9s en Droit Fiscal et des Affaires.<\/p>\n\n\n\n<p class=\"has-medium-font-size\">Elle exerce aussi l&#8217;activit\u00e9 de mandataire sportif et de mandataire en transactions immobili\u00e8res \u00e0 titre accessoire.<\/p>\n<\/div>\n<\/div>\n\n\n\n<div class=\"wp-block-group alignfull has-foreground-color has-background-background-color has-text-color has-background has-link-color wp-elements-2f08f557a3f0c0e538b9c66872adb3ca is-layout-flow wp-block-group-is-layout-flow\" style=\"margin-top:0px;margin-bottom:0px;padding-top:7vw;padding-bottom:7vw\"><\/div>\n\n\n\n<ol><\/ol>\n\n\n\n<ol><\/ol>\n\n\n\n<ol><\/ol>\n","protected":false},"excerpt":{"rendered":"<p>Ma\u00eetre In\u00e8s N\u2019TSIKABAKA exerce la profession d&#8217;avocat depuis 2008. Le cabinet est \u00e9tabli sur Le Raincy et vous accueille sur rendez-vous. Elle assure le conseil et la d\u00e9fense des particuliers et des entreprises. &nbsp;Titulaire d\u2019un Master en fiscalit\u00e9 et Droit des Affaires, Conseil et Gestion d\u2019entreprises et Dipl\u00f4m\u00e9e de l\u2019Institut de Droit et d\u2019\u00c9conomie Appliqu\u00e9s [&hellip;]<\/p>\n","protected":false},"author":1,"featured_media":0,"parent":0,"menu_order":1,"comment_status":"closed","ping_status":"closed","template":"header-footer-only","meta":{"footnotes":""},"class_list":["post-8","page","type-page","status-publish","hentry"],"_links":{"self":[{"href":"https:\/\/ntsikabaka-avocat.fr\/index.php\/wp-json\/wp\/v2\/pages\/8","targetHints":{"allow":["GET"]}}],"collection":[{"href":"https:\/\/ntsikabaka-avocat.fr\/index.php\/wp-json\/wp\/v2\/pages"}],"about":[{"href":"https:\/\/ntsikabaka-avocat.fr\/index.php\/wp-json\/wp\/v2\/types\/page"}],"author":[{"embeddable":true,"href":"https:\/\/ntsikabaka-avocat.fr\/index.php\/wp-json\/wp\/v2\/users\/1"}],"replies":[{"embeddable":true,"href":"https:\/\/ntsikabaka-avocat.fr\/index.php\/wp-json\/wp\/v2\/comments?post=8"}],"version-history":[{"count":4,"href":"https:\/\/ntsikabaka-avocat.fr\/index.php\/wp-json\/wp\/v2\/pages\/8\/revisions"}],"predecessor-version":[{"id":104,"href":"https:\/\/ntsikabaka-avocat.fr\/index.php\/wp-json\/wp\/v2\/pages\/8\/revisions\/104"}],"wp:attachment":[{"href":"https:\/\/ntsikabaka-avocat.fr\/index.php\/wp-json\/wp\/v2\/media?parent=8"}],"curies":[{"name":"wp","href":"https:\/\/api.w.org\/{rel}","templated":true}]}}