{"id":38,"date":"2024-03-20T21:26:40","date_gmt":"2024-03-20T20:26:40","guid":{"rendered":"https:\/\/avocatntsikabaka.wordpress.com\/?page_id=38"},"modified":"2024-07-31T17:47:22","modified_gmt":"2024-07-31T15:47:22","slug":"honoraires","status":"publish","type":"page","link":"https:\/\/ntsikabaka-avocat.fr\/index.php\/honoraires\/","title":{"rendered":"Honoraires"},"content":{"rendered":"\n<p class=\"has-text-align-left has-normal-font-size\">Les honoraires font l&#8217;objet d&#8217;une convention \u00e9crite avant l&#8217;accomplissement de toute diligence et sont fix\u00e9s:<\/p>\n\n\n\n<p class=\"has-text-align-left has-normal-font-size\">-soit forfaitairement , en tenant compte notamment du degr\u00e9 de difficult\u00e9 du dossier et du temps estim\u00e9 n\u00e9cessaire \u00e0 son traitement.<\/p>\n\n\n\n<p class=\"has-text-align-left has-normal-font-size\">&#8211; soit au temps pass\u00e9 pour l\u2019accomplissement des diligences et du taux horaire de l&#8217;avocat en fonction du domaine d&#8217;activit\u00e9.<\/p>\n\n\n\n<p class=\"has-text-align-left has-normal-font-size\">Un honoraire de r\u00e9sultat peut \u00eatre convenu&nbsp; dans certains cas, avec un pourcentage pr\u00e9d\u00e9fini sur les sommes obtenues dans le cadre contentieux ou transactionnel.<\/p>\n\n\n\n<p><\/p>\n","protected":false},"excerpt":{"rendered":"<p>Les honoraires font l&#8217;objet d&#8217;une convention \u00e9crite avant l&#8217;accomplissement de toute diligence et sont fix\u00e9s: -soit forfaitairement , en tenant compte notamment du degr\u00e9 de difficult\u00e9 du dossier et du temps estim\u00e9 n\u00e9cessaire \u00e0 son traitement. &#8211; soit au temps pass\u00e9 pour l\u2019accomplissement des diligences et du taux horaire de l&#8217;avocat en fonction du domaine [&hellip;]<\/p>\n","protected":false},"author":1,"featured_media":0,"parent":0,"menu_order":0,"comment_status":"closed","ping_status":"closed","template":"","meta":{"footnotes":""},"class_list":["post-38","page","type-page","status-publish","hentry"],"_links":{"self":[{"href":"https:\/\/ntsikabaka-avocat.fr\/index.php\/wp-json\/wp\/v2\/pages\/38","targetHints":{"allow":["GET"]}}],"collection":[{"href":"https:\/\/ntsikabaka-avocat.fr\/index.php\/wp-json\/wp\/v2\/pages"}],"about":[{"href":"https:\/\/ntsikabaka-avocat.fr\/index.php\/wp-json\/wp\/v2\/types\/page"}],"author":[{"embeddable":true,"href":"https:\/\/ntsikabaka-avocat.fr\/index.php\/wp-json\/wp\/v2\/users\/1"}],"replies":[{"embeddable":true,"href":"https:\/\/ntsikabaka-avocat.fr\/index.php\/wp-json\/wp\/v2\/comments?post=38"}],"version-history":[{"count":4,"href":"https:\/\/ntsikabaka-avocat.fr\/index.php\/wp-json\/wp\/v2\/pages\/38\/revisions"}],"predecessor-version":[{"id":100,"href":"https:\/\/ntsikabaka-avocat.fr\/index.php\/wp-json\/wp\/v2\/pages\/38\/revisions\/100"}],"wp:attachment":[{"href":"https:\/\/ntsikabaka-avocat.fr\/index.php\/wp-json\/wp\/v2\/media?parent=38"}],"curies":[{"name":"wp","href":"https:\/\/api.w.org\/{rel}","templated":true}]}}