{"id":35,"date":"2024-03-20T21:21:51","date_gmt":"2024-03-20T20:21:51","guid":{"rendered":"https:\/\/avocatntsikabaka.wordpress.com\/?page_id=35"},"modified":"2024-07-31T17:08:33","modified_gmt":"2024-07-31T15:08:33","slug":"avocat-mandataire-en-transactions-immobilieres","status":"publish","type":"page","link":"https:\/\/ntsikabaka-avocat.fr\/index.php\/avocat-mandataire-en-transactions-immobilieres\/","title":{"rendered":"Avocat mandataire en Transactions Immobili\u00e8res"},"content":{"rendered":"\n<p class=\"has-normal-font-size\">Depuis la loi dite Hoguet de 1970, les avocats peuvent exercer l&#8217;activit\u00e9 d&#8217;avocat mandataire en Transactions immobili\u00e8res&nbsp; \u00e0 titre accessoire.<\/p>\n\n\n\n<p class=\"has-normal-font-size\">L\u2019article 6.3 du R\u00e8glement int\u00e9rieur national de la profession d\u2019avocat pr\u00e9voit que l\u2019avocat peut accepter : <em>\u00ab&nbsp;un mandat de gestion de portefeuille ou d\u2019immeubles \u00e0 titre accessoire et occasionnel, \u00eatre syndic de copropri\u00e9t\u00e9, mandataire en transaction immobili\u00e8re&nbsp;\u00bb.&nbsp;<\/em><\/p>\n\n\n\n<p class=\"has-normal-font-size\">Ma\u00eetre N&#8217;TSIKABAKA exerce l\u2019activit\u00e9 de mandataire en transactions immobili\u00e8res \u00e0 titre accessoire pour les clients de son cabinet.<\/p>\n\n\n\n<p class=\"has-normal-font-size\">Ainsi, elle accompagne ses clients dans toutes leurs acquisitions ou leurs ventes immobili\u00e8res, y pour compris pour les transactions relatives aux fonds de commerce.&nbsp;<\/p>\n\n\n\n<p class=\"has-normal-font-size\">Cela rev\u00eat un avantage non n\u00e9gligeable pour le client :&nbsp;<\/p>\n\n\n\n<ul class=\"wp-block-list\">\n<li class=\"has-normal-font-size\">\u00a0r\u00e9daction de tous les actes juridiques en lien avec la cession ou l\u2019acquisition et r\u00e9alisations toutes les formalit\u00e9s l\u00e9gales ;<\/li>\n\n\n\n<li class=\"has-normal-font-size\">L\u2019avocat pr\u00e9sente des garanties : d\u00e9ontologie, secret professionnel, compte CARPA (s\u00e9questre).&nbsp;<\/li>\n<\/ul>\n\n\n\n<p class=\"has-normal-font-size\">Dans le cadre de cette activit\u00e9 accessoire, elle travaille de concert avec des notaires, syndics, diagnostiqueurs ou encore experts.<\/p>\n","protected":false},"excerpt":{"rendered":"<p>Depuis la loi dite Hoguet de 1970, les avocats peuvent exercer l&#8217;activit\u00e9 d&#8217;avocat mandataire en Transactions immobili\u00e8res&nbsp; \u00e0 titre accessoire. L\u2019article 6.3 du R\u00e8glement int\u00e9rieur national de la profession d\u2019avocat pr\u00e9voit que l\u2019avocat peut accepter : \u00ab&nbsp;un mandat de gestion de portefeuille ou d\u2019immeubles \u00e0 titre accessoire et occasionnel, \u00eatre syndic de copropri\u00e9t\u00e9, mandataire en [&hellip;]<\/p>\n","protected":false},"author":1,"featured_media":0,"parent":0,"menu_order":0,"comment_status":"closed","ping_status":"closed","template":"","meta":{"footnotes":""},"class_list":["post-35","page","type-page","status-publish","hentry"],"_links":{"self":[{"href":"https:\/\/ntsikabaka-avocat.fr\/index.php\/wp-json\/wp\/v2\/pages\/35","targetHints":{"allow":["GET"]}}],"collection":[{"href":"https:\/\/ntsikabaka-avocat.fr\/index.php\/wp-json\/wp\/v2\/pages"}],"about":[{"href":"https:\/\/ntsikabaka-avocat.fr\/index.php\/wp-json\/wp\/v2\/types\/page"}],"author":[{"embeddable":true,"href":"https:\/\/ntsikabaka-avocat.fr\/index.php\/wp-json\/wp\/v2\/users\/1"}],"replies":[{"embeddable":true,"href":"https:\/\/ntsikabaka-avocat.fr\/index.php\/wp-json\/wp\/v2\/comments?post=35"}],"version-history":[{"count":2,"href":"https:\/\/ntsikabaka-avocat.fr\/index.php\/wp-json\/wp\/v2\/pages\/35\/revisions"}],"predecessor-version":[{"id":92,"href":"https:\/\/ntsikabaka-avocat.fr\/index.php\/wp-json\/wp\/v2\/pages\/35\/revisions\/92"}],"wp:attachment":[{"href":"https:\/\/ntsikabaka-avocat.fr\/index.php\/wp-json\/wp\/v2\/media?parent=35"}],"curies":[{"name":"wp","href":"https:\/\/api.w.org\/{rel}","templated":true}]}}