{"id":29,"date":"2024-03-20T21:16:20","date_gmt":"2024-03-20T20:16:20","guid":{"rendered":"https:\/\/avocatntsikabaka.wordpress.com\/?page_id=29"},"modified":"2024-07-31T17:05:40","modified_gmt":"2024-07-31T15:05:40","slug":"activite-davocat-mandataire-sportif","status":"publish","type":"page","link":"https:\/\/ntsikabaka-avocat.fr\/index.php\/activite-davocat-mandataire-sportif\/","title":{"rendered":"Activit\u00e9 d&#8217;avocat mandataire sportif"},"content":{"rendered":"\n<p class=\"has-normal-font-size\">Depuis la loi du 28 mars 2011, les avocats peuvent agir en qualit\u00e9 de mandataire sportif. Ils peuvent ainsi assister, repr\u00e9senter et n\u00e9gocier au nom et pour le compte de leur client&nbsp; un contrat relatif \u00e0 l\u2019exercice r\u00e9mun\u00e9r\u00e9 d\u2019une activit\u00e9 sportive ou un contrat de travail ayant le m\u00eame objet.&nbsp;<\/p>\n\n\n\n<p class=\"has-normal-font-size\">Dans le cadre de l&#8217;activit\u00e9 de mandataire sportif, l&#8217;avocat conseil et assiste les joueurs professionnels, les clubs, les associations des joueurs professionnels dans la n\u00e9gociation et la conclusions des contrats en lien avec une activit\u00e9 sportive r\u00e9mun\u00e9r\u00e9e.<\/p>\n\n\n\n<p class=\"has-normal-font-size\">L\u2019Avocat Mandataire Sportif a principalement pour r\u00f4le :<\/p>\n\n\n\n<ul class=\"wp-block-list\">\n<li class=\"has-normal-font-size\">d\u2019assister et de repr\u00e9senter les sportifs, les entra\u00eeneurs ou les clubs ;<\/li>\n\n\n\n<li class=\"has-normal-font-size\">de conseiller, assister et repr\u00e9senter les agents sportifs,<\/li>\n\n\n\n<li class=\"has-normal-font-size\">de n\u00e9gocier en son nom des contrats relatifs \u00e0 l\u2019exercice r\u00e9mun\u00e9r\u00e9 d\u2019une activit\u00e9 sportive ou d\u2019entra\u00eenement ;<\/li>\n\n\n\n<li class=\"has-normal-font-size\">la r\u00e9daction de contrats (contrat de transfert pour l\u2019une ou l\u2019autre des parties, contrat de droit \u00e0 l\u2019image, contrat de sponsoring, contrat de parrainage etc.)<\/li>\n\n\n\n<li class=\"has-normal-font-size\">de cr\u00e9er des structures sportives ( clubs, associations sportives, soci\u00e9t\u00e9s sportives&#8230;)<\/li>\n\n\n\n<li class=\"has-normal-font-size\">Organisation des manifestations sportives et des op\u00e9rations de promotions sportives<\/li>\n<\/ul>\n\n\n\n<p class=\"has-normal-font-size\">L&#8217;avocat mandataire sportif assiste et repr\u00e9sente aussi ses clients devant les instances ou commissions disciplinaires, institutions sportives nationales et internationales (F\u00e9d\u00e9ration, Ligue, Conciliation CNOSF, AFLD, FIFA, FIBA, Tribunal Arbitral du Sport-TAS, \u2026) et devant les tribunaux judiciaires, administratifs ou juridictions p\u00e9nales.<\/p>\n\n\n\n<p class=\"has-normal-font-size\">Dans le cadre de cette activit\u00e9 accessoire, l&#8217;avocat peut aussi travailler de concert avec les agents sportifs.<\/p>\n\n\n\n<p class=\"has-normal-font-size\">Cependant, l\u2019avocat n\u2019est pas autoris\u00e9 \u00e0 accomplir des prestations de courtage ou d&#8217;interm\u00e9diation visant \u00e0 \u00ab&nbsp;mettre en rapport&nbsp;\u00bb contre r\u00e9mun\u00e9ration des parties int\u00e9ress\u00e9es \u00e0 la conclusion de tels contrats. En effet, l&#8217;interm\u00e9diation est une activit\u00e9 commerciale, par principe incompatible avec la profession d\u2019avocat.&nbsp;<\/p>\n\n\n\n<p class=\"has-normal-font-size\"><\/p>\n\n\n\n<p><\/p>\n","protected":false},"excerpt":{"rendered":"<p>Depuis la loi du 28 mars 2011, les avocats peuvent agir en qualit\u00e9 de mandataire sportif. Ils peuvent ainsi assister, repr\u00e9senter et n\u00e9gocier au nom et pour le compte de leur client&nbsp; un contrat relatif \u00e0 l\u2019exercice r\u00e9mun\u00e9r\u00e9 d\u2019une activit\u00e9 sportive ou un contrat de travail ayant le m\u00eame objet.&nbsp; Dans le cadre de l&#8217;activit\u00e9 [&hellip;]<\/p>\n","protected":false},"author":1,"featured_media":0,"parent":0,"menu_order":0,"comment_status":"closed","ping_status":"closed","template":"","meta":{"footnotes":""},"class_list":["post-29","page","type-page","status-publish","hentry"],"_links":{"self":[{"href":"https:\/\/ntsikabaka-avocat.fr\/index.php\/wp-json\/wp\/v2\/pages\/29","targetHints":{"allow":["GET"]}}],"collection":[{"href":"https:\/\/ntsikabaka-avocat.fr\/index.php\/wp-json\/wp\/v2\/pages"}],"about":[{"href":"https:\/\/ntsikabaka-avocat.fr\/index.php\/wp-json\/wp\/v2\/types\/page"}],"author":[{"embeddable":true,"href":"https:\/\/ntsikabaka-avocat.fr\/index.php\/wp-json\/wp\/v2\/users\/1"}],"replies":[{"embeddable":true,"href":"https:\/\/ntsikabaka-avocat.fr\/index.php\/wp-json\/wp\/v2\/comments?post=29"}],"version-history":[{"count":1,"href":"https:\/\/ntsikabaka-avocat.fr\/index.php\/wp-json\/wp\/v2\/pages\/29\/revisions"}],"predecessor-version":[{"id":90,"href":"https:\/\/ntsikabaka-avocat.fr\/index.php\/wp-json\/wp\/v2\/pages\/29\/revisions\/90"}],"wp:attachment":[{"href":"https:\/\/ntsikabaka-avocat.fr\/index.php\/wp-json\/wp\/v2\/media?parent=29"}],"curies":[{"name":"wp","href":"https:\/\/api.w.org\/{rel}","templated":true}]}}