{"id":26,"date":"2024-03-20T21:02:46","date_gmt":"2024-03-20T20:02:46","guid":{"rendered":"https:\/\/avocatntsikabaka.wordpress.com\/?page_id=26"},"modified":"2024-07-31T17:49:35","modified_gmt":"2024-07-31T15:49:35","slug":"domaines-de-competences","status":"publish","type":"page","link":"https:\/\/ntsikabaka-avocat.fr\/index.php\/domaines-de-competences\/","title":{"rendered":"Domaines de comp\u00e9tences"},"content":{"rendered":"\n<p><strong>Droit Immobilier<\/strong>: <em>Saisie immobili\u00e8re, Ventes aux ench\u00e8res, Transactions immobili\u00e8res, Baux commerciaux, Baux d&#8217;habitation, Gestion locative, Copropri\u00e9t\u00e9, Droit de la Construction, Droit du logement DALO, Expulsions locatives <\/em>.<\/p>\n\n\n\n<p class=\"has-text-align-left\"><strong>Droit du Sport:<\/strong><em> R\u00e9daction d&#8217;actes: Contrat de travail, Contrat de partenariat, Gestion du droit d&#8217;image, Constitution et suivi de soci\u00e9t\u00e9s, Contentieux Sportif<\/em>.<\/p>\n\n\n\n<p class=\"has-text-align-left\"><strong>Droit des Personnes et de la Famille<\/strong>: <em>Divorce et annulation du mariage, S\u00e9paration de corps, Liquidation du r\u00e9gime matrimonial, Droit de Visite et d&#8217;H\u00e9bergement des Enfants, Pension alimentaire, Filiation, Adoption Successions, Assistance \u00e9ducative.<\/em><\/p>\n\n\n\n<p class=\"has-text-align-left\"><strong>Droit du Travail: <\/strong><em>Contrat de travail, Contentieux prud&#8217;homal, N\u00e9gociation collective, N\u00e9gociation individuelle, Repr\u00e9sentation du personnel, Droit p\u00e9nal du travail, Am\u00e9nagement du temps de travail, Hygi\u00e8ne, S\u00e9curit\u00e9 et Accidents du travail<\/em><\/p>\n\n\n\n<p class=\"has-text-align-left\"><strong>Droit Routier:<\/strong> Conduite sans permis, Invalidation et suspension du permis de conduire, Alcool au volant, Conduite apr\u00e8s usage de stup\u00e9fiants, Refus d&#8217;obtemp\u00e9rer, Conduite sans assurance, Contestations de  PV.<\/p>\n\n\n\n<p><strong>Droit des soci\u00e9t\u00e9s<\/strong>:  <em>Constitution de soci\u00e9t\u00e9s, Apport d&#8217;actifs,&nbsp;Fusions, Cessions, Prises de participation et transmission du patrimoine , Litiges entre associ\u00e9s, <\/em><em>Op\u00e9rations de restructurations, Fiscalit\u00e9 des soci\u00e9t\u00e9s<\/em>.<\/p>\n\n\n\n<p><strong>Droit Commercial et de la Concurrence<\/strong>: <em>Cession de fonds de commerce, Cession du droit au bail, Location g\u00e9rance, Contrats commerciaux, litiges commerciaux, Recouvrement de cr\u00e9ances, Proc\u00e9dures collectives.<\/em><\/p>\n\n\n\n<p><strong>Droit Fiscal: <\/strong><em>D\u00e9claration d&#8217;Imp\u00f4t, IRRP, ISF, TVA, Conseil et Contentieux<\/em>.<\/p>\n\n\n\n<p><strong>Responsabilit\u00e9<\/strong>: <em>R\u00e9paration du Pr\u00e9judice Corporel, victime de la route, victime d&#8217;infractions.<\/em><\/p>\n\n\n\n<p><strong>Droit des Proc\u00e9dures civiles d&#8217;ex\u00e9cution<\/strong>:<em> Recouvrement de cr\u00e9ances, saisies, Contentieux devant le Juge de l&#8217;Ex\u00e9cution<\/em>.<\/p>\n\n\n\n<p><strong>Droit P\u00e9nal<\/strong>: <em>Tribunal Correctionnel, Comparution sur reconnaissance pr\u00e9alable de culpabilit\u00e9 (CRPC), Assistance de parties civiles ou victimes.<\/em><\/p>\n\n\n\n<p>Assistance et repr\u00e9sentation en justice devant les tribunaux judiciaires et administratifs, Conseil de prud&#8217;hommes, Tribunal de commerce.<\/p>\n\n\n\n<p><\/p>\n","protected":false},"excerpt":{"rendered":"<p>Droit Immobilier: Saisie immobili\u00e8re, Ventes aux ench\u00e8res, Transactions immobili\u00e8res, Baux commerciaux, Baux d&#8217;habitation, Gestion locative, Copropri\u00e9t\u00e9, Droit de la Construction, Droit du logement DALO, Expulsions locatives . Droit du Sport: R\u00e9daction d&#8217;actes: Contrat de travail, Contrat de partenariat, Gestion du droit d&#8217;image, Constitution et suivi de soci\u00e9t\u00e9s, Contentieux Sportif. Droit des Personnes et de la [&hellip;]<\/p>\n","protected":false},"author":1,"featured_media":0,"parent":0,"menu_order":-1,"comment_status":"closed","ping_status":"closed","template":"","meta":{"footnotes":""},"class_list":["post-26","page","type-page","status-publish","hentry"],"_links":{"self":[{"href":"https:\/\/ntsikabaka-avocat.fr\/index.php\/wp-json\/wp\/v2\/pages\/26","targetHints":{"allow":["GET"]}}],"collection":[{"href":"https:\/\/ntsikabaka-avocat.fr\/index.php\/wp-json\/wp\/v2\/pages"}],"about":[{"href":"https:\/\/ntsikabaka-avocat.fr\/index.php\/wp-json\/wp\/v2\/types\/page"}],"author":[{"embeddable":true,"href":"https:\/\/ntsikabaka-avocat.fr\/index.php\/wp-json\/wp\/v2\/users\/1"}],"replies":[{"embeddable":true,"href":"https:\/\/ntsikabaka-avocat.fr\/index.php\/wp-json\/wp\/v2\/comments?post=26"}],"version-history":[{"count":3,"href":"https:\/\/ntsikabaka-avocat.fr\/index.php\/wp-json\/wp\/v2\/pages\/26\/revisions"}],"predecessor-version":[{"id":101,"href":"https:\/\/ntsikabaka-avocat.fr\/index.php\/wp-json\/wp\/v2\/pages\/26\/revisions\/101"}],"wp:attachment":[{"href":"https:\/\/ntsikabaka-avocat.fr\/index.php\/wp-json\/wp\/v2\/media?parent=26"}],"curies":[{"name":"wp","href":"https:\/\/api.w.org\/{rel}","templated":true}]}}